{"id":933,"date":"2020-10-01T23:07:45","date_gmt":"2020-10-02T02:07:45","guid":{"rendered":"http:\/\/cristianoandradeseguros.com.br\/blog\/?page_id=933"},"modified":"2020-10-01T23:07:48","modified_gmt":"2020-10-02T02:07:48","slug":"acesso-aos-dados","status":"publish","type":"page","link":"https:\/\/cristianoandradeseguros.com.br\/blog\/acesso-aos-dados\/","title":{"rendered":"Acesso aos Dados"},"content":{"rendered":"<p class=\"estimated-read-time\">Tempo de leitura:<small> menos de 1 minuto<\/small><\/p> \n[RGPD_UserRequestForm]\n","protected":false},"excerpt":{"rendered":"<p><small> menos de 1 minuto<\/small> [RGPD_UserRequestForm]<\/p>\n","protected":false},"author":1,"featured_media":0,"parent":0,"menu_order":0,"comment_status":"closed","ping_status":"closed","template":"","meta":{"_joinchat":[],"footnotes":""},"class_list":["entry","author-cristianoanadrade7","post-933","page","type-page","status-publish"],"yoast_head":"<!-- This site is optimized with the Yoast SEO plugin v27.4 - https:\/\/yoast.com\/product\/yoast-seo-wordpress\/ -->\n<title>Acesso aos Dados<\/title>\n<meta name=\"robots\" content=\"index, follow, max-snippet:-1, max-image-preview:large, max-video-preview:-1\" \/>\n<link rel=\"canonical\" href=\"https:\/\/cristianoandradeseguros.com.br\/blog\/acesso-aos-dados\/\" \/>\n<meta property=\"og:locale\" content=\"pt_BR\" \/>\n<meta property=\"og:type\" content=\"article\" \/>\n<meta property=\"og:title\" content=\"Acesso aos Dados\" \/>\n<meta property=\"og:description\" content=\"menos de 1 minuto [RGPD_UserRequestForm]\" \/>\n<meta property=\"og:url\" content=\"https:\/\/cristianoandradeseguros.com.br\/blog\/acesso-aos-dados\/\" \/>\n<meta property=\"og:site_name\" content=\"Cristiano Andrade Seguros | Planos de Sa\u00fade e Cons\u00f3rcio - ABC Paulista\" \/>\n<meta property=\"article:modified_time\" content=\"2020-10-02T02:07:48+00:00\" \/>\n<meta name=\"twitter:card\" content=\"summary_large_image\" \/>\n<meta name=\"twitter:site\" content=\"@contato_seguros\" \/>\n<!-- \/ Yoast SEO plugin. -->","yoast_head_json":{"title":"Acesso aos Dados","robots":{"index":"index","follow":"follow","max-snippet":"max-snippet:-1","max-image-preview":"max-image-preview:large","max-video-preview":"max-video-preview:-1"},"canonical":"https:\/\/cristianoandradeseguros.com.br\/blog\/acesso-aos-dados\/","og_locale":"pt_BR","og_type":"article","og_title":"Acesso aos Dados","og_description":"menos de 1 minuto [RGPD_UserRequestForm]","og_url":"https:\/\/cristianoandradeseguros.com.br\/blog\/acesso-aos-dados\/","og_site_name":"Cristiano Andrade Seguros | Planos de Sa\u00fade e Cons\u00f3rcio - ABC Paulista","article_modified_time":"2020-10-02T02:07:48+00:00","twitter_card":"summary_large_image","twitter_site":"@contato_seguros","schema":{"@context":"https:\/\/schema.org","@graph":[{"@type":"WebPage","@id":"https:\/\/cristianoandradeseguros.com.br\/blog\/acesso-aos-dados\/","url":"https:\/\/cristianoandradeseguros.com.br\/blog\/acesso-aos-dados\/","name":"Acesso aos Dados","isPartOf":{"@id":"https:\/\/cristianoandradeseguros.com.br\/blog\/#website"},"datePublished":"2020-10-02T02:07:45+00:00","dateModified":"2020-10-02T02:07:48+00:00","inLanguage":"pt-BR","potentialAction":[{"@type":"ReadAction","target":["https:\/\/cristianoandradeseguros.com.br\/blog\/acesso-aos-dados\/"]}]},{"@type":"WebSite","@id":"https:\/\/cristianoandradeseguros.com.br\/blog\/#website","url":"https:\/\/cristianoandradeseguros.com.br\/blog\/","name":"Cristiano Andrade Seguros | Planos de Sa\u00fade e Cons\u00f3rcio - ABC Paulista","description":"Corretora de Cons\u00f3rcios, Planos de Sa\u00fade e Seguros com atendimento especializado para proteger e expandir seu patrim\u00f4nio.","publisher":{"@id":"https:\/\/cristianoandradeseguros.com.br\/blog\/#\/schema\/person\/393100fb6e8d1a834e6fa74969a6d886"},"potentialAction":[{"@type":"SearchAction","target":{"@type":"EntryPoint","urlTemplate":"https:\/\/cristianoandradeseguros.com.br\/blog\/?s={search_term_string}"},"query-input":{"@type":"PropertyValueSpecification","valueRequired":true,"valueName":"search_term_string"}}],"inLanguage":"pt-BR"},{"@type":["Person","Organization"],"@id":"https:\/\/cristianoandradeseguros.com.br\/blog\/#\/schema\/person\/393100fb6e8d1a834e6fa74969a6d886","name":"Cristiano Andrade","image":{"@type":"ImageObject","inLanguage":"pt-BR","@id":"https:\/\/cristianoandradeseguros.com.br\/blog\/wp-content\/uploads\/2025\/11\/cristiano-andrade-corretora-de-seguros-consorcio-planos-de-saude-abc-paulista-edited.jpeg","url":"https:\/\/cristianoandradeseguros.com.br\/blog\/wp-content\/uploads\/2025\/11\/cristiano-andrade-corretora-de-seguros-consorcio-planos-de-saude-abc-paulista-edited.jpeg","contentUrl":"https:\/\/cristianoandradeseguros.com.br\/blog\/wp-content\/uploads\/2025\/11\/cristiano-andrade-corretora-de-seguros-consorcio-planos-de-saude-abc-paulista-edited.jpeg","width":768,"height":1024,"caption":"Cristiano Andrade"},"logo":{"@id":"https:\/\/cristianoandradeseguros.com.br\/blog\/wp-content\/uploads\/2025\/11\/cristiano-andrade-corretora-de-seguros-consorcio-planos-de-saude-abc-paulista-edited.jpeg"},"description":"Atuando na Administra\u00e7\u00e3o e Comercializa\u00e7\u00e3o de Seguros desde 1996, formado no ano de 2000 no 1\u00ba Curso de Habilita\u00e7\u00e3o para Corretores de Seguros, ministrado pela FUNENSEG (Funda\u00e7\u00e3o Escola Nacional de Seguros) e Tecn\u00f3logo em Gest\u00e3o de Marketing pela Faculdade Est\u00e1cio de S\u00e1 em 2014. Com mais de 25 anos de experi\u00eancia na \u00e1rea comercial, gest\u00e3o de pessoas, gerenciamento de grupos de neg\u00f3cios e treinamento corporativo.","sameAs":["http:\/\/www.cristianoandradeseguros.com.br"]}]}},"_links":{"self":[{"href":"https:\/\/cristianoandradeseguros.com.br\/blog\/wp-json\/wp\/v2\/pages\/933","targetHints":{"allow":["GET"]}}],"collection":[{"href":"https:\/\/cristianoandradeseguros.com.br\/blog\/wp-json\/wp\/v2\/pages"}],"about":[{"href":"https:\/\/cristianoandradeseguros.com.br\/blog\/wp-json\/wp\/v2\/types\/page"}],"author":[{"embeddable":true,"href":"https:\/\/cristianoandradeseguros.com.br\/blog\/wp-json\/wp\/v2\/users\/1"}],"replies":[{"embeddable":true,"href":"https:\/\/cristianoandradeseguros.com.br\/blog\/wp-json\/wp\/v2\/comments?post=933"}],"version-history":[{"count":1,"href":"https:\/\/cristianoandradeseguros.com.br\/blog\/wp-json\/wp\/v2\/pages\/933\/revisions"}],"predecessor-version":[{"id":934,"href":"https:\/\/cristianoandradeseguros.com.br\/blog\/wp-json\/wp\/v2\/pages\/933\/revisions\/934"}],"wp:attachment":[{"href":"https:\/\/cristianoandradeseguros.com.br\/blog\/wp-json\/wp\/v2\/media?parent=933"}],"curies":[{"name":"wp","href":"https:\/\/api.w.org\/{rel}","templated":true}]}}