{"id":3028,"date":"2025-11-27T17:26:20","date_gmt":"2025-11-27T20:26:20","guid":{"rendered":"https:\/\/cristianoandradeseguros.com.br\/blog\/?page_id=3028"},"modified":"2025-12-01T20:47:54","modified_gmt":"2025-12-01T23:47:54","slug":"quem-sou-eu","status":"publish","type":"page","link":"https:\/\/cristianoandradeseguros.com.br\/blog\/quem-sou-eu\/","title":{"rendered":"Quem sou eu&#8230;\u00a0"},"content":{"rendered":"<p class=\"estimated-read-time\">Tempo de leitura:<small> menos de 1 minuto<\/small><\/p> \n<p><strong>Quem sou eu&#8230;&nbsp;<\/strong><\/p>\n\n\n\n<p>Ol\u00e1, me chamo Cristiano Andrade, sou paulistano, casado, tenho uma filha e atualmente moro na cidade de Santo Andr\u00e9 no ABC Paulista, vou tentar resumir rapidinho minha jornada&#8230;<\/p>\n\n\n<div class=\"wp-block-image\">\n<figure class=\"alignleft size-large is-resized\"><img loading=\"lazy\" decoding=\"async\" width=\"768\" height=\"1024\" src=\"https:\/\/cristianoandradeseguros.com.br\/blog\/wp-content\/uploads\/2025\/11\/cristiano-andrade-corretora-de-seguros-consorcio-planos-de-saude-abc-paulista-edited.jpeg\" alt=\"\" class=\"wp-image-3035\" style=\"width:364px;height:auto\" srcset=\"https:\/\/cristianoandradeseguros.com.br\/blog\/wp-content\/uploads\/2025\/11\/cristiano-andrade-corretora-de-seguros-consorcio-planos-de-saude-abc-paulista-edited.jpeg 768w, https:\/\/cristianoandradeseguros.com.br\/blog\/wp-content\/uploads\/2025\/11\/cristiano-andrade-corretora-de-seguros-consorcio-planos-de-saude-abc-paulista-edited-225x300.jpeg 225w, https:\/\/cristianoandradeseguros.com.br\/blog\/wp-content\/uploads\/2025\/11\/cristiano-andrade-corretora-de-seguros-consorcio-planos-de-saude-abc-paulista-edited-370x493.jpeg 370w\" sizes=\"auto, (max-width: 768px) 100vw, 768px\" \/><\/figure>\n<\/div>\n\n\n<p>Em 2000 me formei Corretor de Seguros TODOS OS RAMOS pela Escola Nacional de Seguros FUNENSEG, pois desde 1996 vinha atuando no segmento securit\u00e1rio administrando carteiras de seguros.<\/p>\n\n\n\n<p>H\u00e1 algum tempo venho pensando em criar um blog e compartilhar um pouco da minha experi\u00eancia de quase 30 anos na \u00e1rea comercial, al\u00e9m de incorporar isso ao mercado digital como forma de trocar experiencias e ajudar aqueles que pensam em encontrar solu\u00e7\u00f5es no mercado segurador, agora chegou a hora&#8230; Espero fazer muitos amigos por aqui, e que nossa experi\u00eancia&nbsp;gere muitos frutos e boas e sinceras amizades.<\/p>\n\n\n\n<p><\/p>\n","protected":false},"excerpt":{"rendered":"<p><small> menos de 1 minuto<\/small> Quem sou eu&#8230;&nbsp; Ol\u00e1, me chamo Cristiano Andrade, sou paulistano, casado, tenho uma filha e atualmente moro na cidade de Santo Andr\u00e9 no ABC Paulista, vou tentar resumir rapidinho minha jornada&#8230; Em 2000 me formei Corretor de Seguros TODOS OS RAMOS pela Escola Nacional de Seguros FUNENSEG, pois desde 1996 vinha atuando no segmento securit\u00e1rio administrando carteiras de seguros. H\u00e1 algum tempo venho pensando em criar um blog e compartilhar um pouco da minha experi\u00eancia de quase 30 anos na <a href=\"https:\/\/cristianoandradeseguros.com.br\/blog\/quem-sou-eu\/\" class=\"more-link\"><span>Continue lendo<\/span>\u2192<\/a><\/p>\n","protected":false},"author":1,"featured_media":0,"parent":0,"menu_order":0,"comment_status":"closed","ping_status":"closed","template":"","meta":{"_joinchat":[],"footnotes":""},"class_list":["entry","author-cristianoanadrade7","post-3028","page","type-page","status-publish"],"yoast_head":"<!-- This site is optimized with the Yoast SEO plugin v27.4 - https:\/\/yoast.com\/product\/yoast-seo-wordpress\/ -->\n<title>Quem sou eu...\u00a0<\/title>\n<meta name=\"description\" content=\"Cristiano Andrade Seguros no ABC Paulista: cons\u00f3rcios, planos de sa\u00fade e seguros com atendimento especializado para proteger e expandir seu patrim\u00f4nio.\" \/>\n<meta name=\"robots\" content=\"index, follow, max-snippet:-1, max-image-preview:large, max-video-preview:-1\" \/>\n<link rel=\"canonical\" href=\"https:\/\/cristianoandradeseguros.com.br\/blog\/quem-sou-eu\/\" \/>\n<meta property=\"og:locale\" content=\"pt_BR\" \/>\n<meta property=\"og:type\" content=\"article\" \/>\n<meta property=\"og:title\" content=\"Quem sou eu...\u00a0\" \/>\n<meta property=\"og:description\" content=\"Cristiano Andrade Seguros no ABC Paulista: cons\u00f3rcios, planos de sa\u00fade e seguros com atendimento especializado para proteger e expandir seu patrim\u00f4nio.\" \/>\n<meta property=\"og:url\" content=\"https:\/\/cristianoandradeseguros.com.br\/blog\/quem-sou-eu\/\" \/>\n<meta property=\"og:site_name\" content=\"Cristiano Andrade Seguros | Planos de Sa\u00fade e Cons\u00f3rcio - ABC Paulista\" \/>\n<meta property=\"article:modified_time\" content=\"2025-12-01T23:47:54+00:00\" \/>\n<meta property=\"og:image\" content=\"https:\/\/cristianoandradeseguros.com.br\/blog\/wp-content\/uploads\/2025\/11\/cristiano-andrade-corretora-de-seguros-consorcio-planos-de-saude-abc-paulista-edited.jpeg\" \/>\n\t<meta property=\"og:image:width\" content=\"768\" \/>\n\t<meta property=\"og:image:height\" content=\"1024\" \/>\n\t<meta property=\"og:image:type\" content=\"image\/jpeg\" \/>\n<meta name=\"twitter:card\" content=\"summary_large_image\" \/>\n<meta name=\"twitter:site\" content=\"@contato_seguros\" \/>\n<meta name=\"twitter:label1\" content=\"Est. tempo de leitura\" \/>\n\t<meta name=\"twitter:data1\" content=\"2 minutos\" \/>\n<!-- \/ Yoast SEO plugin. -->","yoast_head_json":{"title":"Quem sou eu...\u00a0","description":"Cristiano Andrade Seguros no ABC Paulista: cons\u00f3rcios, planos de sa\u00fade e seguros com atendimento especializado para proteger e expandir seu patrim\u00f4nio.","robots":{"index":"index","follow":"follow","max-snippet":"max-snippet:-1","max-image-preview":"max-image-preview:large","max-video-preview":"max-video-preview:-1"},"canonical":"https:\/\/cristianoandradeseguros.com.br\/blog\/quem-sou-eu\/","og_locale":"pt_BR","og_type":"article","og_title":"Quem sou eu...\u00a0","og_description":"Cristiano Andrade Seguros no ABC Paulista: cons\u00f3rcios, planos de sa\u00fade e seguros com atendimento especializado para proteger e expandir seu patrim\u00f4nio.","og_url":"https:\/\/cristianoandradeseguros.com.br\/blog\/quem-sou-eu\/","og_site_name":"Cristiano Andrade Seguros | Planos de Sa\u00fade e Cons\u00f3rcio - ABC Paulista","article_modified_time":"2025-12-01T23:47:54+00:00","og_image":[{"width":768,"height":1024,"url":"https:\/\/cristianoandradeseguros.com.br\/blog\/wp-content\/uploads\/2025\/11\/cristiano-andrade-corretora-de-seguros-consorcio-planos-de-saude-abc-paulista-edited.jpeg","type":"image\/jpeg"}],"twitter_card":"summary_large_image","twitter_site":"@contato_seguros","twitter_misc":{"Est. tempo de leitura":"2 minutos"},"schema":{"@context":"https:\/\/schema.org","@graph":[{"@type":"WebPage","@id":"https:\/\/cristianoandradeseguros.com.br\/blog\/quem-sou-eu\/","url":"https:\/\/cristianoandradeseguros.com.br\/blog\/quem-sou-eu\/","name":"Quem sou eu...\u00a0","isPartOf":{"@id":"https:\/\/cristianoandradeseguros.com.br\/blog\/#website"},"primaryImageOfPage":{"@id":"https:\/\/cristianoandradeseguros.com.br\/blog\/quem-sou-eu\/#primaryimage"},"image":{"@id":"https:\/\/cristianoandradeseguros.com.br\/blog\/quem-sou-eu\/#primaryimage"},"thumbnailUrl":"https:\/\/cristianoandradeseguros.com.br\/blog\/wp-content\/uploads\/2025\/11\/cristiano-andrade-corretora-de-seguros-consorcio-planos-de-saude-abc-paulista-edited.jpeg","datePublished":"2025-11-27T20:26:20+00:00","dateModified":"2025-12-01T23:47:54+00:00","description":"Cristiano Andrade Seguros no ABC Paulista: cons\u00f3rcios, planos de sa\u00fade e seguros com atendimento especializado para proteger e expandir seu patrim\u00f4nio.","inLanguage":"pt-BR","potentialAction":[{"@type":"ReadAction","target":["https:\/\/cristianoandradeseguros.com.br\/blog\/quem-sou-eu\/"]}]},{"@type":"ImageObject","inLanguage":"pt-BR","@id":"https:\/\/cristianoandradeseguros.com.br\/blog\/quem-sou-eu\/#primaryimage","url":"https:\/\/cristianoandradeseguros.com.br\/blog\/wp-content\/uploads\/2025\/11\/cristiano-andrade-corretora-de-seguros-consorcio-planos-de-saude-abc-paulista-edited.jpeg","contentUrl":"https:\/\/cristianoandradeseguros.com.br\/blog\/wp-content\/uploads\/2025\/11\/cristiano-andrade-corretora-de-seguros-consorcio-planos-de-saude-abc-paulista-edited.jpeg","width":768,"height":1024,"caption":"cristiano-andrade-corretora-de-seguros-consorcio-planos-de-saude-abc-paulista"},{"@type":"WebSite","@id":"https:\/\/cristianoandradeseguros.com.br\/blog\/#website","url":"https:\/\/cristianoandradeseguros.com.br\/blog\/","name":"Cristiano Andrade Seguros | Planos de Sa\u00fade e Cons\u00f3rcio - ABC Paulista","description":"Corretora de Cons\u00f3rcios, Planos de Sa\u00fade e Seguros com atendimento especializado para proteger e expandir seu patrim\u00f4nio.","publisher":{"@id":"https:\/\/cristianoandradeseguros.com.br\/blog\/#\/schema\/person\/393100fb6e8d1a834e6fa74969a6d886"},"potentialAction":[{"@type":"SearchAction","target":{"@type":"EntryPoint","urlTemplate":"https:\/\/cristianoandradeseguros.com.br\/blog\/?s={search_term_string}"},"query-input":{"@type":"PropertyValueSpecification","valueRequired":true,"valueName":"search_term_string"}}],"inLanguage":"pt-BR"},{"@type":["Person","Organization"],"@id":"https:\/\/cristianoandradeseguros.com.br\/blog\/#\/schema\/person\/393100fb6e8d1a834e6fa74969a6d886","name":"Cristiano Andrade","image":{"@type":"ImageObject","inLanguage":"pt-BR","@id":"https:\/\/cristianoandradeseguros.com.br\/blog\/wp-content\/uploads\/2025\/11\/cristiano-andrade-corretora-de-seguros-consorcio-planos-de-saude-abc-paulista-edited.jpeg","url":"https:\/\/cristianoandradeseguros.com.br\/blog\/wp-content\/uploads\/2025\/11\/cristiano-andrade-corretora-de-seguros-consorcio-planos-de-saude-abc-paulista-edited.jpeg","contentUrl":"https:\/\/cristianoandradeseguros.com.br\/blog\/wp-content\/uploads\/2025\/11\/cristiano-andrade-corretora-de-seguros-consorcio-planos-de-saude-abc-paulista-edited.jpeg","width":768,"height":1024,"caption":"Cristiano Andrade"},"logo":{"@id":"https:\/\/cristianoandradeseguros.com.br\/blog\/wp-content\/uploads\/2025\/11\/cristiano-andrade-corretora-de-seguros-consorcio-planos-de-saude-abc-paulista-edited.jpeg"},"description":"Atuando na Administra\u00e7\u00e3o e Comercializa\u00e7\u00e3o de Seguros desde 1996, formado no ano de 2000 no 1\u00ba Curso de Habilita\u00e7\u00e3o para Corretores de Seguros, ministrado pela FUNENSEG (Funda\u00e7\u00e3o Escola Nacional de Seguros) e Tecn\u00f3logo em Gest\u00e3o de Marketing pela Faculdade Est\u00e1cio de S\u00e1 em 2014. Com mais de 25 anos de experi\u00eancia na \u00e1rea comercial, gest\u00e3o de pessoas, gerenciamento de grupos de neg\u00f3cios e treinamento corporativo.","sameAs":["http:\/\/www.cristianoandradeseguros.com.br"]}]}},"_links":{"self":[{"href":"https:\/\/cristianoandradeseguros.com.br\/blog\/wp-json\/wp\/v2\/pages\/3028","targetHints":{"allow":["GET"]}}],"collection":[{"href":"https:\/\/cristianoandradeseguros.com.br\/blog\/wp-json\/wp\/v2\/pages"}],"about":[{"href":"https:\/\/cristianoandradeseguros.com.br\/blog\/wp-json\/wp\/v2\/types\/page"}],"author":[{"embeddable":true,"href":"https:\/\/cristianoandradeseguros.com.br\/blog\/wp-json\/wp\/v2\/users\/1"}],"replies":[{"embeddable":true,"href":"https:\/\/cristianoandradeseguros.com.br\/blog\/wp-json\/wp\/v2\/comments?post=3028"}],"version-history":[{"count":4,"href":"https:\/\/cristianoandradeseguros.com.br\/blog\/wp-json\/wp\/v2\/pages\/3028\/revisions"}],"predecessor-version":[{"id":3036,"href":"https:\/\/cristianoandradeseguros.com.br\/blog\/wp-json\/wp\/v2\/pages\/3028\/revisions\/3036"}],"wp:attachment":[{"href":"https:\/\/cristianoandradeseguros.com.br\/blog\/wp-json\/wp\/v2\/media?parent=3028"}],"curies":[{"name":"wp","href":"https:\/\/api.w.org\/{rel}","templated":true}]}}