{"id":124,"date":"2016-10-29T21:47:19","date_gmt":"2016-10-29T23:47:19","guid":{"rendered":"http:\/\/cristianoandradeseguros.com.br\/blog\/?page_id=124"},"modified":"2022-03-04T10:41:54","modified_gmt":"2022-03-04T13:41:54","slug":"politicas-de-privacidade","status":"publish","type":"page","link":"https:\/\/cristianoandradeseguros.com.br\/blog\/politicas-de-privacidade\/","title":{"rendered":"Pol\u00edticas de Privacidade"},"content":{"rendered":"<p class=\"estimated-read-time\">Tempo de leitura:<small> 3 minutos<\/small><\/p> <p><strong>POLITICA DE PRIVACIDADE Cristiano Andrade Seguros \u00ae<\/strong><\/p>\n<p>Todas as suas informa\u00e7\u00f5es pessoais recolhidas, ser\u00e3o usadas para o ajudar a tornar a sua visita no nosso site o mais produtiva e agrad\u00e1vel poss\u00edvel. A garantia da confidencialidade dos dados pessoais dos utilizadores do nosso site \u00e9 importante para o <strong>Cristiano Andrade Seguros \u00ae<\/strong>.<br \/>\nTodas as informa\u00e7\u00f5es pessoais relativas a membros, assinantes, clientes ou visitantes que usem o <strong>Cristiano Andrade Seguros \u00ae<\/strong> ser\u00e3o tratadas em concord\u00e2ncia com a Lei da Prote\u00e7\u00e3o de\u00a0Dados Pessoais de 26 de outubro de 1998 (Lei n.\u00ba 67\/98).<\/p>\n<p>A informa\u00e7\u00e3o pessoal recolhida pode incluir o seu nome, e\u00ad-mail, n\u00famero de telefone e\/ou telem\u00f3vel, morada, data de nascimento e\/ou outros.<\/p>\n<p>O uso do <strong>Cristiano Andrade Seguros \u00ae<\/strong> e pressup\u00f5e a aceita\u00e7\u00e3o deste Acordo de privacidade. A equipe do <strong>Cristiano Andrade Seguros \u00ae<\/strong> reserva-\u00adse ao direito de alterar este acordo sem aviso pr\u00e9vio. Deste modo, recomendamos que consulte a nossa pol\u00edtica de privacidade com regularidade de forma a estar sempre atualizado.<\/p>\n<p><strong>Os An\u00fancios<\/strong><span style=\"text-decoration: underline;\"><br \/>\n<\/span>Tal como outros websites, coletamos e utilizamos informa\u00e7\u00e3o contida nos an\u00fancios. A informa\u00e7\u00e3o contida nos an\u00fancios, inclui o seu endere\u00e7o IP (Internet Protocol), o seu ISP (Internet Service Provider, como o Sapo, Clix, ou outro), o browser que utilizou ao visitar o nosso website (como o Internet Explorer ou o Firefox), o tempo da sua visita e que p\u00e1ginas visitou dentro do nosso website.<\/p>\n<p><strong>Os Cookies e Web Beacons<br \/>\n<\/strong>Utilizamos cookies para armazenar informa\u00e7\u00e3o, tais como as suas prefer\u00eancias pessoais quando visita o nosso website. Isto poder\u00e1 incluir um simples pop up, ou uma liga\u00e7\u00e3o em v\u00e1rios servi\u00e7os que providenciamos, tais como f\u00f3runs.<\/p>\n<p>Em adi\u00e7\u00e3o tamb\u00e9m utilizamos publicidade de terceiros no nosso website para suportar os custos de manuten\u00e7\u00e3o. Alguns destes publicit\u00e1rios, poder\u00e3o utilizar tecnologias como os cookies e\/ou web beacons quando publicitam no nosso website, o que far\u00e1 com que esses publicit\u00e1rios (como o Google atrav\u00e9s do Google AdSense) tamb\u00e9m recebam a sua informa\u00e7\u00e3o pessoal, como o endere\u00e7o IP, o seu ISP, o seu browser, etc. Esta fun\u00e7\u00e3o \u00e9 geralmente utilizada para geotargeting (mostrar publicidade de Lisboa apenas aos leitores oriundos de Lisboa por ex.) ou apresentar publicidade direcionada a um tipo de utilizador (como mostrar publicidade de restaurante a um utilizador que visita sites de culin\u00e1ria regularmente, por ex.).<\/p>\n<p>Voc\u00ea det\u00e9m o poder de desligar os seus cookies, nas op\u00e7\u00f5es do seu browser, ou efetuando altera\u00e7\u00f5es nas ferramentas de programas Anti\u00adVirus, como o Norton Internet Security. No entanto, isso poder\u00e1 alterar a forma como interage com o nosso website, ou outros websites. Isso poder\u00e1 afetar ou n\u00e3o permitir que fa\u00e7a logins em programas, sites ou f\u00f3runs\u00a0da nossa e de outras redes.<\/p>\n<p><strong>Liga\u00e7\u00f5es a Sites de terceiros<br \/>\n<\/strong>O <strong>Cristiano Andrade Seguros \u00ae<\/strong> possui liga\u00e7\u00f5es para outros sites, os quais, a nosso ver, podem conter informa\u00e7\u00f5es \/ ferramentas \u00fateis para os nossos visitantes. A nossa pol\u00edtica de privacidade n\u00e3o \u00e9 aplicada a sites de terceiros, pelo que, caso visite outro site a partir do nosso dever\u00e1 ler a politica de privacidade do mesmo.<\/p>\n<p>N\u00e3o nos responsabilizamos pela pol\u00edtica de privacidade ou conte\u00fado presente nesses mesmos sites.<\/p>\n","protected":false},"excerpt":{"rendered":"<p><small> 3 minutos<\/small> POLITICA DE PRIVACIDADE Cristiano Andrade Seguros \u00ae Todas as suas informa\u00e7\u00f5es pessoais recolhidas, ser\u00e3o usadas para o ajudar a tornar a sua visita no nosso site o mais produtiva e agrad\u00e1vel poss\u00edvel. A garantia da confidencialidade dos dados pessoais dos utilizadores do nosso site \u00e9 importante para o Cristiano Andrade Seguros \u00ae. Todas as informa\u00e7\u00f5es pessoais relativas a membros, assinantes, clientes ou visitantes que usem o Cristiano Andrade Seguros \u00ae ser\u00e3o tratadas em concord\u00e2ncia com a Lei da Prote\u00e7\u00e3o de\u00a0Dados Pessoais de <a href=\"https:\/\/cristianoandradeseguros.com.br\/blog\/politicas-de-privacidade\/\" class=\"more-link\"><span>Continue lendo<\/span>\u2192<\/a><\/p>\n","protected":false},"author":1,"featured_media":0,"parent":0,"menu_order":0,"comment_status":"closed","ping_status":"closed","template":"","meta":{"_joinchat":[],"footnotes":""},"class_list":["entry","author-cristianoanadrade7","post-124","page","type-page","status-publish"],"yoast_head":"<!-- This site is optimized with the Yoast SEO plugin v27.4 - https:\/\/yoast.com\/product\/yoast-seo-wordpress\/ -->\n<title>Pol\u00edticas de Privacidade<\/title>\n<meta name=\"robots\" content=\"index, follow, max-snippet:-1, max-image-preview:large, max-video-preview:-1\" \/>\n<link rel=\"canonical\" href=\"https:\/\/cristianoandradeseguros.com.br\/blog\/politicas-de-privacidade\/\" \/>\n<meta property=\"og:locale\" content=\"pt_BR\" \/>\n<meta property=\"og:type\" content=\"article\" \/>\n<meta property=\"og:title\" content=\"Pol\u00edticas de Privacidade\" \/>\n<meta property=\"og:description\" content=\"3 minutos POLITICA DE PRIVACIDADE Cristiano Andrade Seguros \u00ae Todas as suas informa\u00e7\u00f5es pessoais recolhidas, ser\u00e3o usadas para o ajudar a tornar a sua visita no nosso site o mais produtiva e agrad\u00e1vel poss\u00edvel. A garantia da confidencialidade dos dados pessoais dos utilizadores do nosso site \u00e9 importante para o Cristiano Andrade Seguros \u00ae. Todas as informa\u00e7\u00f5es pessoais relativas a membros, assinantes, clientes ou visitantes que usem o Cristiano Andrade Seguros \u00ae ser\u00e3o tratadas em concord\u00e2ncia com a Lei da Prote\u00e7\u00e3o de\u00a0Dados Pessoais de Continue lendo\u2192\" \/>\n<meta property=\"og:url\" content=\"https:\/\/cristianoandradeseguros.com.br\/blog\/politicas-de-privacidade\/\" \/>\n<meta property=\"og:site_name\" content=\"Cristiano Andrade Seguros | Planos de Sa\u00fade e Cons\u00f3rcio - ABC Paulista\" \/>\n<meta property=\"article:modified_time\" content=\"2022-03-04T13:41:54+00:00\" \/>\n<meta name=\"twitter:card\" content=\"summary_large_image\" \/>\n<meta name=\"twitter:site\" content=\"@contato_seguros\" \/>\n<meta name=\"twitter:label1\" content=\"Est. tempo de leitura\" \/>\n\t<meta name=\"twitter:data1\" content=\"3 minutos\" \/>\n<!-- \/ Yoast SEO plugin. -->","yoast_head_json":{"title":"Pol\u00edticas de Privacidade","robots":{"index":"index","follow":"follow","max-snippet":"max-snippet:-1","max-image-preview":"max-image-preview:large","max-video-preview":"max-video-preview:-1"},"canonical":"https:\/\/cristianoandradeseguros.com.br\/blog\/politicas-de-privacidade\/","og_locale":"pt_BR","og_type":"article","og_title":"Pol\u00edticas de Privacidade","og_description":"3 minutos POLITICA DE PRIVACIDADE Cristiano Andrade Seguros \u00ae Todas as suas informa\u00e7\u00f5es pessoais recolhidas, ser\u00e3o usadas para o ajudar a tornar a sua visita no nosso site o mais produtiva e agrad\u00e1vel poss\u00edvel. A garantia da confidencialidade dos dados pessoais dos utilizadores do nosso site \u00e9 importante para o Cristiano Andrade Seguros \u00ae. Todas as informa\u00e7\u00f5es pessoais relativas a membros, assinantes, clientes ou visitantes que usem o Cristiano Andrade Seguros \u00ae ser\u00e3o tratadas em concord\u00e2ncia com a Lei da Prote\u00e7\u00e3o de\u00a0Dados Pessoais de Continue lendo\u2192","og_url":"https:\/\/cristianoandradeseguros.com.br\/blog\/politicas-de-privacidade\/","og_site_name":"Cristiano Andrade Seguros | Planos de Sa\u00fade e Cons\u00f3rcio - ABC Paulista","article_modified_time":"2022-03-04T13:41:54+00:00","twitter_card":"summary_large_image","twitter_site":"@contato_seguros","twitter_misc":{"Est. tempo de leitura":"3 minutos"},"schema":{"@context":"https:\/\/schema.org","@graph":[{"@type":"WebPage","@id":"https:\/\/cristianoandradeseguros.com.br\/blog\/politicas-de-privacidade\/","url":"https:\/\/cristianoandradeseguros.com.br\/blog\/politicas-de-privacidade\/","name":"Pol\u00edticas de Privacidade","isPartOf":{"@id":"https:\/\/cristianoandradeseguros.com.br\/blog\/#website"},"datePublished":"2016-10-29T23:47:19+00:00","dateModified":"2022-03-04T13:41:54+00:00","inLanguage":"pt-BR","potentialAction":[{"@type":"ReadAction","target":["https:\/\/cristianoandradeseguros.com.br\/blog\/politicas-de-privacidade\/"]}]},{"@type":"WebSite","@id":"https:\/\/cristianoandradeseguros.com.br\/blog\/#website","url":"https:\/\/cristianoandradeseguros.com.br\/blog\/","name":"Cristiano Andrade Seguros | Planos de Sa\u00fade e Cons\u00f3rcio - ABC Paulista","description":"Corretora de Cons\u00f3rcios, Planos de Sa\u00fade e Seguros com atendimento especializado para proteger e expandir seu patrim\u00f4nio.","publisher":{"@id":"https:\/\/cristianoandradeseguros.com.br\/blog\/#\/schema\/person\/393100fb6e8d1a834e6fa74969a6d886"},"potentialAction":[{"@type":"SearchAction","target":{"@type":"EntryPoint","urlTemplate":"https:\/\/cristianoandradeseguros.com.br\/blog\/?s={search_term_string}"},"query-input":{"@type":"PropertyValueSpecification","valueRequired":true,"valueName":"search_term_string"}}],"inLanguage":"pt-BR"},{"@type":["Person","Organization"],"@id":"https:\/\/cristianoandradeseguros.com.br\/blog\/#\/schema\/person\/393100fb6e8d1a834e6fa74969a6d886","name":"Cristiano Andrade","image":{"@type":"ImageObject","inLanguage":"pt-BR","@id":"https:\/\/cristianoandradeseguros.com.br\/blog\/wp-content\/uploads\/2025\/11\/cristiano-andrade-corretora-de-seguros-consorcio-planos-de-saude-abc-paulista-edited.jpeg","url":"https:\/\/cristianoandradeseguros.com.br\/blog\/wp-content\/uploads\/2025\/11\/cristiano-andrade-corretora-de-seguros-consorcio-planos-de-saude-abc-paulista-edited.jpeg","contentUrl":"https:\/\/cristianoandradeseguros.com.br\/blog\/wp-content\/uploads\/2025\/11\/cristiano-andrade-corretora-de-seguros-consorcio-planos-de-saude-abc-paulista-edited.jpeg","width":768,"height":1024,"caption":"Cristiano Andrade"},"logo":{"@id":"https:\/\/cristianoandradeseguros.com.br\/blog\/wp-content\/uploads\/2025\/11\/cristiano-andrade-corretora-de-seguros-consorcio-planos-de-saude-abc-paulista-edited.jpeg"},"description":"Atuando na Administra\u00e7\u00e3o e Comercializa\u00e7\u00e3o de Seguros desde 1996, formado no ano de 2000 no 1\u00ba Curso de Habilita\u00e7\u00e3o para Corretores de Seguros, ministrado pela FUNENSEG (Funda\u00e7\u00e3o Escola Nacional de Seguros) e Tecn\u00f3logo em Gest\u00e3o de Marketing pela Faculdade Est\u00e1cio de S\u00e1 em 2014. Com mais de 25 anos de experi\u00eancia na \u00e1rea comercial, gest\u00e3o de pessoas, gerenciamento de grupos de neg\u00f3cios e treinamento corporativo.","sameAs":["http:\/\/www.cristianoandradeseguros.com.br"]}]}},"_links":{"self":[{"href":"https:\/\/cristianoandradeseguros.com.br\/blog\/wp-json\/wp\/v2\/pages\/124","targetHints":{"allow":["GET"]}}],"collection":[{"href":"https:\/\/cristianoandradeseguros.com.br\/blog\/wp-json\/wp\/v2\/pages"}],"about":[{"href":"https:\/\/cristianoandradeseguros.com.br\/blog\/wp-json\/wp\/v2\/types\/page"}],"author":[{"embeddable":true,"href":"https:\/\/cristianoandradeseguros.com.br\/blog\/wp-json\/wp\/v2\/users\/1"}],"replies":[{"embeddable":true,"href":"https:\/\/cristianoandradeseguros.com.br\/blog\/wp-json\/wp\/v2\/comments?post=124"}],"version-history":[{"count":1,"href":"https:\/\/cristianoandradeseguros.com.br\/blog\/wp-json\/wp\/v2\/pages\/124\/revisions"}],"predecessor-version":[{"id":125,"href":"https:\/\/cristianoandradeseguros.com.br\/blog\/wp-json\/wp\/v2\/pages\/124\/revisions\/125"}],"wp:attachment":[{"href":"https:\/\/cristianoandradeseguros.com.br\/blog\/wp-json\/wp\/v2\/media?parent=124"}],"curies":[{"name":"wp","href":"https:\/\/api.w.org\/{rel}","templated":true}]}}